{"id":1971,"date":"2015-10-28T23:02:07","date_gmt":"2015-10-28T23:02:07","guid":{"rendered":"https:\/\/www.karev.co\/karev-kodu\/"},"modified":"2022-02-08T12:58:22","modified_gmt":"2022-02-08T12:58:22","slug":"karev-kodu","status":"publish","type":"page","link":"https:\/\/www.karev.co\/et\/","title":{"rendered":"Karev Kodu"},"content":{"rendered":"<p><div class=\"fusion-fullwidth fullwidth-box fusion-builder-row-1 nonhundred-percent-fullwidth non-hundred-percent-height-scrolling\" style=\"--awb-background-position:left top;--awb-border-sizes-top:0px;--awb-border-sizes-bottom:0px;--awb-border-sizes-left:0px;--awb-border-sizes-right:0px;--awb-border-radius-top-left:0px;--awb-border-radius-top-right:0px;--awb-border-radius-bottom-right:0px;--awb-border-radius-bottom-left:0px;--awb-padding-top:100px;--awb-padding-bottom:100px;--awb-flex-wrap:wrap;\" id=\"about\" ><div class=\"fusion-builder-row fusion-row\"><div class=\"fusion-layout-column fusion_builder_column fusion-builder-column-0 fusion_builder_column_1_2 1_2 fusion-one-half fusion-column-first\" style=\"--awb-bg-size:cover;width:50%;width:calc(50% - ( ( 4% ) * 0.5 ) );margin-right: 4%;\"><div class=\"fusion-column-wrapper fusion-column-has-shadow fusion-flex-column-wrapper-legacy\"><div class=\"fusion-image-element fusion-image-align-center in-legacy-container\" style=\"text-align:center;--awb-caption-title-font-family:var(--h2_typography-font-family);--awb-caption-title-font-weight:var(--h2_typography-font-weight);--awb-caption-title-font-style:var(--h2_typography-font-style);--awb-caption-title-size:var(--h2_typography-font-size);--awb-caption-title-transform:var(--h2_typography-text-transform);--awb-caption-title-line-height:var(--h2_typography-line-height);--awb-caption-title-letter-spacing:var(--h2_typography-letter-spacing);\"><div class=\"imageframe-align-center\"><span class=\" fusion-imageframe imageframe-none imageframe-1 hover-type-none fusion-animated\" data-animationType=\"fadeInRight\" data-animationDuration=\"0.7\" data-animationOffset=\"top-into-view\"><img decoding=\"async\" width=\"600\" height=\"400\" title=\"Corporate business team meeting discussion and startup concept.\" src=\"https:\/\/www.karev.co\/wp-content\/uploads\/2022\/01\/AdobeStock_315008555-600x400.jpeg\" alt class=\"img-responsive wp-image-1817\" srcset=\"https:\/\/www.karev.co\/wp-content\/uploads\/2022\/01\/AdobeStock_315008555-200x133.jpeg 200w, https:\/\/www.karev.co\/wp-content\/uploads\/2022\/01\/AdobeStock_315008555-400x267.jpeg 400w, https:\/\/www.karev.co\/wp-content\/uploads\/2022\/01\/AdobeStock_315008555-600x400.jpeg 600w, https:\/\/www.karev.co\/wp-content\/uploads\/2022\/01\/AdobeStock_315008555-800x533.jpeg 800w, https:\/\/www.karev.co\/wp-content\/uploads\/2022\/01\/AdobeStock_315008555-1200x800.jpeg 1200w\" sizes=\"(max-width: 800px) 100vw, 600px\" \/><\/span><\/div><\/div><div class=\"fusion-sep-clear\"><\/div><div class=\"fusion-separator fusion-full-width-sep\" style=\"margin-left: auto;margin-right: auto;margin-top:-15px;width:100%;\"><\/div><div class=\"fusion-sep-clear\"><\/div><div class=\"fusion-clearfix\"><\/div><\/div><\/div><div class=\"fusion-layout-column fusion_builder_column fusion-builder-column-1 fusion_builder_column_1_2 1_2 fusion-one-half fusion-column-last\" style=\"--awb-bg-size:cover;width:50%;width:calc(50% - ( ( 4% ) * 0.5 ) );\"><div class=\"fusion-column-wrapper fusion-column-has-shadow fusion-flex-column-wrapper-legacy\"><div class=\"fusion-title title fusion-title-1 fusion-sep-none fusion-title-center fusion-title-text fusion-title-size-two\" style=\"--awb-font-size:48px;\"><h2 class=\"fusion-title-heading title-heading-center fusion-responsive-typography-calculated\" style=\"font-family:&quot;GFS Didot&quot;;font-style:normal;font-weight:400;margin:0;font-size:1em;--fontSize:48;line-height:1.2;\">Keerukates navigeerimine<\/h2><\/div><div class=\"fusion-sep-clear\"><\/div><div class=\"fusion-separator fusion-full-width-sep\" style=\"margin-left: auto;margin-right: auto;margin-top:10px;width:100%;\"><\/div><div class=\"fusion-sep-clear\"><\/div><div class=\"fusion-text fusion-text-1\" style=\"--awb-text-transform:none;\"><p><strong>1:1 mentorlus<\/strong> : fokusseeritud seansid otse klientidele<br \/>\n<strong>Korporatiivne \u00f5pe:<\/strong> 12 r\u00fchmat\u00f6\u00f6tuba eriteadmiste kohta<br \/>\n<strong>Investeeringueelne\/j\u00e4rgnev DD:<\/strong> inimkapitali talentide hindamine<br \/>\n<strong>N\u00f5upidamistesaali abi:<\/strong> parimad tavad joondamise tagamiseks<br \/>\n<strong>Konfliktide lahendamine:<\/strong> avatud ja l\u00e4bipaistvate arutelude h\u00f5lbustamine<\/p>\n<\/div><div class=\"fusion-clearfix\"><\/div><\/div><\/div><div class=\"fusion-layout-column fusion_builder_column fusion-builder-column-2 fusion_builder_column_1_2 1_2 fusion-one-half fusion-column-first\" style=\"--awb-bg-size:cover;width:50%;width:calc(50% - ( ( 4% ) * 0.5 ) );margin-right: 4%;\"><div class=\"fusion-column-wrapper fusion-column-has-shadow fusion-flex-column-wrapper-legacy\"><div class=\"fusion-sep-clear\"><\/div><div class=\"fusion-separator fusion-full-width-sep\" style=\"margin-left: auto;margin-right: auto;margin-top:10px;margin-bottom:10px;width:100%;\"><\/div><div class=\"fusion-sep-clear\"><\/div><div class=\"fusion-title title fusion-title-2 fusion-sep-none fusion-title-center fusion-title-text fusion-title-size-two\" style=\"--awb-font-size:48px;\"><h2 class=\"fusion-title-heading title-heading-center fusion-responsive-typography-calculated\" style=\"font-family:&quot;GFS Didot&quot;;font-style:normal;font-weight:400;margin:0;font-size:1em;--fontSize:48;line-height:1.2;\"><p style=\"text-align: left;\">Inimkapitalist<\/p><\/h2><\/div><div class=\"fusion-sep-clear\"><\/div><div class=\"fusion-separator fusion-full-width-sep\" style=\"margin-left: auto;margin-right: auto;margin-top:10px;width:100%;\"><\/div><div class=\"fusion-sep-clear\"><\/div><div class=\"fusion-text fusion-text-2\" style=\"--awb-text-transform:none;\"><div class=\"fusion-title title fusion-title-6 fusion-sep-none fusion-title-center fusion-title-text fusion-title-size-two fusion-border-below-title\">\n<p style=\"text-align: left;\">Mille poolest ettev\u00f5tted silma paistavad? Nende inimkapital. Nad investeerivad, juhendavad ja edendavad oma inimkapitali, et tagada kestev tulemuslikkus ja edu. Oleme aastate jooksul juhtinud tuhandeid inimesi ning \u00f5ppinud tuvastama suure potentsiaaliga talente ja nendega koost\u00f6\u00f6d tegema. Konkreetse probleemi k\u00e4sitlemisel p\u00fc\u00fcame k\u00e4sitleda mitte ainult olukorda ennast, vaid ka professionaalse ja \u00e4riarenduse valdkondi, millest v\u00f5ib abi olla praegu ja tulevikus. . . inimkapitali investeerimise j\u00e4tkamiseks.<\/p>\n<\/div>\n<\/div><div class=\"fusion-clearfix\"><\/div><\/div><\/div><div class=\"fusion-layout-column fusion_builder_column fusion-builder-column-3 fusion_builder_column_1_2 1_2 fusion-one-half fusion-column-last\" style=\"--awb-bg-size:cover;width:50%;width:calc(50% - ( ( 4% ) * 0.5 ) );\"><div class=\"fusion-column-wrapper fusion-column-has-shadow fusion-flex-column-wrapper-legacy\"><div class=\"fusion-sep-clear\"><\/div><div class=\"fusion-separator fusion-full-width-sep\" style=\"margin-left: auto;margin-right: auto;margin-top:20px;width:100%;\"><\/div><div class=\"fusion-sep-clear\"><\/div><div class=\"fusion-image-element fusion-image-align-center in-legacy-container\" style=\"text-align:center;--awb-caption-title-font-family:var(--h2_typography-font-family);--awb-caption-title-font-weight:var(--h2_typography-font-weight);--awb-caption-title-font-style:var(--h2_typography-font-style);--awb-caption-title-size:var(--h2_typography-font-size);--awb-caption-title-transform:var(--h2_typography-text-transform);--awb-caption-title-line-height:var(--h2_typography-line-height);--awb-caption-title-letter-spacing:var(--h2_typography-letter-spacing);\"><div class=\"imageframe-align-center\"><span class=\" fusion-imageframe imageframe-none imageframe-2 hover-type-none fusion-animated\" data-animationType=\"fadeInRight\" data-animationDuration=\"0.7\" data-animationOffset=\"top-into-view\"><img decoding=\"async\" width=\"700\" height=\"585\" title=\"Attentive,Woman,Employee,Listening,Coach,Briefing,At,Meeting,Negotiation.,Close\" src=\"https:\/\/www.karev.co\/wp-content\/uploads\/2022\/01\/Capital-2.jpg\" alt class=\"img-responsive wp-image-1649\" srcset=\"https:\/\/www.karev.co\/wp-content\/uploads\/2022\/01\/Capital-2-200x167.jpg 200w, https:\/\/www.karev.co\/wp-content\/uploads\/2022\/01\/Capital-2-400x334.jpg 400w, https:\/\/www.karev.co\/wp-content\/uploads\/2022\/01\/Capital-2-600x501.jpg 600w, https:\/\/www.karev.co\/wp-content\/uploads\/2022\/01\/Capital-2.jpg 700w\" sizes=\"(max-width: 800px) 100vw, 600px\" \/><\/span><\/div><\/div><div class=\"fusion-sep-clear\"><\/div><div class=\"fusion-separator fusion-full-width-sep\" style=\"margin-left: auto;margin-right: auto;margin-top:-15px;width:100%;\"><\/div><div class=\"fusion-sep-clear\"><\/div><div class=\"fusion-clearfix\"><\/div><\/div><\/div><\/div><\/div><div class=\"fusion-fullwidth fullwidth-box fusion-builder-row-2 fusion-parallax-none minimal nonhundred-percent-fullwidth non-hundred-percent-height-scrolling\" style=\"--awb-border-sizes-top:0px;--awb-border-sizes-bottom:0px;--awb-border-sizes-left:0px;--awb-border-sizes-right:0px;--awb-border-radius-top-left:0px;--awb-border-radius-top-right:0px;--awb-border-radius-bottom-right:0px;--awb-border-radius-bottom-left:0px;--awb-padding-top:0px;--awb-padding-bottom:0px;--awb-background-color:#f4f6f8;--awb-background-image:url(&quot;https:\/\/www.karev.co\/wp-content\/uploads\/2022\/01\/shutterstock_1770322295-scaled.jpg&quot;);--awb-background-size:cover;--awb-flex-wrap:wrap;\" ><div class=\"fusion-builder-row fusion-row\"><div class=\"fusion-layout-column fusion_builder_column fusion-builder-column-4 fusion_builder_column_2_3 2_3 fusion-two-third fusion-column-first\" style=\"--awb-padding-top:30px;--awb-padding-bottom:30px;--awb-bg-size:cover;width:65.3333%; margin-right: 4%;\"><div class=\"fusion-column-wrapper fusion-column-has-shadow fusion-flex-column-wrapper-legacy\"><div class=\"fusion-title title fusion-title-3 fusion-sep-none fusion-title-text fusion-title-size-two\" style=\"--awb-text-color:#ffffff;--awb-margin-top:30px;--awb-margin-bottom:30px;--awb-font-size:36px;\"><h2 class=\"fusion-title-heading title-heading-left fusion-responsive-typography-calculated\" style=\"font-family:&quot;GFS Didot&quot;;font-style:normal;font-weight:400;margin:0;font-size:1em;--fontSize:36;line-height:1.5;\"><p style=\"text-align: left;\"><span style=\"color: #ffffff;\">Juhina \u00f5pite meie konfidentsiaalsest 1:1 arutelust. Ma ei p\u00fc\u00fca teie otsustusv\u00f5imet v\u00f5i otsustusv\u00f5imet asendada, vaid pigem suurendan seda, tutvustades erinevaid vaatenurki, kuidas konkreetsetes olukordades k\u00e4ituda.<\/span><\/p><\/h2><\/div><div class=\"fusion-clearfix\"><\/div><\/div><\/div><div class=\"fusion-layout-column fusion_builder_column fusion-builder-column-5 fusion_builder_column_1_3 1_3 fusion-one-third fusion-column-last fusion-no-small-visibility\" style=\"--awb-bg-size:cover;width:30.6666%;\"><div class=\"fusion-column-wrapper fusion-flex-column-wrapper-legacy\"><div class=\"fusion-clearfix\"><\/div><\/div><\/div><\/div><\/div><div class=\"fusion-fullwidth fullwidth-box fusion-builder-row-3 nonhundred-percent-fullwidth non-hundred-percent-height-scrolling\" style=\"--awb-background-position:left top;--awb-border-sizes-top:0px;--awb-border-sizes-bottom:0px;--awb-border-sizes-left:0px;--awb-border-sizes-right:0px;--awb-border-radius-top-left:0px;--awb-border-radius-top-right:0px;--awb-border-radius-bottom-right:0px;--awb-border-radius-bottom-left:0px;--awb-padding-top:100px;--awb-padding-bottom:100px;--awb-flex-wrap:wrap;\" id=\"about\" ><div class=\"fusion-builder-row fusion-row\"><div class=\"fusion-layout-column fusion_builder_column fusion-builder-column-6 fusion_builder_column_1_2 1_2 fusion-one-half fusion-column-first\" style=\"--awb-bg-size:cover;width:50%;width:calc(50% - ( ( 4% ) * 0.5 ) );margin-right: 4%;\"><div class=\"fusion-column-wrapper fusion-column-has-shadow fusion-flex-column-wrapper-legacy\"><div class=\"fusion-image-element fusion-image-align-center in-legacy-container\" style=\"text-align:center;--awb-caption-title-font-family:var(--h2_typography-font-family);--awb-caption-title-font-weight:var(--h2_typography-font-weight);--awb-caption-title-font-style:var(--h2_typography-font-style);--awb-caption-title-size:var(--h2_typography-font-size);--awb-caption-title-transform:var(--h2_typography-text-transform);--awb-caption-title-line-height:var(--h2_typography-line-height);--awb-caption-title-letter-spacing:var(--h2_typography-letter-spacing);\"><div class=\"imageframe-align-center\"><span class=\" fusion-imageframe imageframe-none imageframe-3 hover-type-none fusion-animated\" data-animationType=\"fadeInRight\" data-animationDuration=\"0.7\" data-animationOffset=\"top-into-view\"><img decoding=\"async\" width=\"600\" height=\"400\" title=\"Smiling,Manager,Talking,With,His,Staff,During,A,Meeting,In\" src=\"https:\/\/www.karev.co\/wp-content\/uploads\/2022\/01\/shutterstock_1744543529-600x400.jpg\" alt class=\"img-responsive wp-image-1805\" srcset=\"https:\/\/www.karev.co\/wp-content\/uploads\/2022\/01\/shutterstock_1744543529-200x133.jpg 200w, https:\/\/www.karev.co\/wp-content\/uploads\/2022\/01\/shutterstock_1744543529-400x267.jpg 400w, https:\/\/www.karev.co\/wp-content\/uploads\/2022\/01\/shutterstock_1744543529-600x400.jpg 600w, https:\/\/www.karev.co\/wp-content\/uploads\/2022\/01\/shutterstock_1744543529-800x533.jpg 800w, https:\/\/www.karev.co\/wp-content\/uploads\/2022\/01\/shutterstock_1744543529-1200x800.jpg 1200w\" sizes=\"(max-width: 800px) 100vw, 600px\" \/><\/span><\/div><\/div><div class=\"fusion-sep-clear\"><\/div><div class=\"fusion-separator fusion-full-width-sep\" style=\"margin-left: auto;margin-right: auto;margin-top:-15px;width:100%;\"><\/div><div class=\"fusion-sep-clear\"><\/div><div class=\"fusion-clearfix\"><\/div><\/div><\/div><div class=\"fusion-layout-column fusion_builder_column fusion-builder-column-7 fusion_builder_column_1_2 1_2 fusion-one-half fusion-column-last\" style=\"--awb-bg-size:cover;width:50%;width:calc(50% - ( ( 4% ) * 0.5 ) );\"><div class=\"fusion-column-wrapper fusion-column-has-shadow fusion-flex-column-wrapper-legacy\"><div class=\"fusion-title title fusion-title-4 fusion-sep-none fusion-title-center fusion-title-text fusion-title-size-two\" style=\"--awb-font-size:48px;\"><h2 class=\"fusion-title-heading title-heading-center fusion-responsive-typography-calculated\" style=\"font-family:&quot;GFS Didot&quot;;font-style:normal;font-weight:400;margin:0;font-size:1em;--fontSize:48;line-height:1.2;\"><p style=\"text-align: left;\">\u00d5ppisin j\u00e4tkama<\/p><\/h2><\/div><div class=\"fusion-sep-clear\"><\/div><div class=\"fusion-separator fusion-full-width-sep\" style=\"margin-left: auto;margin-right: auto;margin-top:10px;width:100%;\"><\/div><div class=\"fusion-sep-clear\"><\/div><div class=\"fusion-text fusion-text-3\" style=\"--awb-text-transform:none;\"><p style=\"text-align: left;\">Olles olnud mitme organisatsiooni tegevjuht, aitas mu \u00e4ri-, ameti- ja isiklike seisukohtade m\u00f5istmisele s\u00fcgavalt kaasa. Mida laiemaks mu kogemus sai, seda rohkem innustasin uusi asju \u00f5ppima, inspireerima ja motiveerima inimesi saavutama oma parimat mina ning j\u00f5udsin uutesse k\u00f5rgustesse, kus saan \u00fcletada \u00fcha kasvavaid v\u00e4ljakutseid.<\/p>\n<\/div><div class=\"fusion-clearfix\"><\/div><\/div><\/div><div class=\"fusion-layout-column fusion_builder_column fusion-builder-column-8 fusion_builder_column_1_2 1_2 fusion-one-half fusion-column-first\" style=\"--awb-bg-size:cover;width:50%;width:calc(50% - ( ( 4% ) * 0.5 ) );margin-right: 4%;\"><div class=\"fusion-column-wrapper fusion-column-has-shadow fusion-flex-column-wrapper-legacy\"><div class=\"fusion-sep-clear\"><\/div><div class=\"fusion-separator fusion-full-width-sep\" style=\"margin-left: auto;margin-right: auto;margin-top:20px;width:100%;\"><\/div><div class=\"fusion-sep-clear\"><\/div><div class=\"fusion-title title fusion-title-5 fusion-sep-none fusion-title-center fusion-title-text fusion-title-size-two\" style=\"--awb-font-size:48px;\"><h2 class=\"fusion-title-heading title-heading-center fusion-responsive-typography-calculated\" style=\"font-family:&quot;GFS Didot&quot;;font-style:normal;font-weight:400;margin:0;font-size:1em;--fontSize:48;line-height:1.2;\"><p style=\"text-align: left;\">Mikro- ja makron\u00e4gemus<\/p><\/h2><\/div><div class=\"fusion-sep-clear\"><\/div><div class=\"fusion-separator fusion-full-width-sep\" style=\"margin-left: auto;margin-right: auto;margin-top:10px;width:100%;\"><\/div><div class=\"fusion-sep-clear\"><\/div><div class=\"fusion-text fusion-text-4\" style=\"--awb-text-transform:none;\"><p>Meie kohandatud t\u00f6\u00f6metoodikad annavad meile teadmisi ja kogemusi organisatsioonide ja nende juhtide spetsiifiliste vajaduste kohta. P\u00fc\u00fcame t\u00e4iustada juba olemasolevat, luues optimaalse ROR-i, t\u00e4iustades \u2013 mitte anastades \u2013 tegevmeeskonda. Teeme tihedat koost\u00f6\u00f6d asutajate, tegevjuhtide, C-paketi ja VP-komplektiga. Samuti k\u00e4sitleme organisatsiooni ja m\u00f5nede selle juhtide kontseptuaalseid puuduj\u00e4\u00e4ke.<\/p>\n<\/div><div class=\"fusion-clearfix\"><\/div><\/div><\/div><div class=\"fusion-layout-column fusion_builder_column fusion-builder-column-9 fusion_builder_column_1_2 1_2 fusion-one-half fusion-column-last\" style=\"--awb-bg-size:cover;width:50%;width:calc(50% - ( ( 4% ) * 0.5 ) );\"><div class=\"fusion-column-wrapper fusion-column-has-shadow fusion-flex-column-wrapper-legacy\"><div class=\"fusion-sep-clear\"><\/div><div class=\"fusion-separator fusion-full-width-sep\" style=\"margin-left: auto;margin-right: auto;margin-top:20px;width:100%;\"><\/div><div class=\"fusion-sep-clear\"><\/div><div class=\"fusion-image-element fusion-image-align-center in-legacy-container\" style=\"text-align:center;--awb-caption-title-font-family:var(--h2_typography-font-family);--awb-caption-title-font-weight:var(--h2_typography-font-weight);--awb-caption-title-font-style:var(--h2_typography-font-style);--awb-caption-title-size:var(--h2_typography-font-size);--awb-caption-title-transform:var(--h2_typography-text-transform);--awb-caption-title-line-height:var(--h2_typography-line-height);--awb-caption-title-letter-spacing:var(--h2_typography-letter-spacing);\"><div class=\"imageframe-align-center\"><span class=\" fusion-imageframe imageframe-none imageframe-4 hover-type-none fusion-animated\" data-animationType=\"fadeInRight\" data-animationDuration=\"0.7\" data-animationOffset=\"top-into-view\"><img decoding=\"async\" width=\"600\" height=\"400\" title=\"Portrait,Of,Smiling,Partners,In,Full,Formal,Suits,Looking,At\" src=\"https:\/\/www.karev.co\/wp-content\/uploads\/2022\/01\/shutterstock_588539177-600x400.jpg\" alt class=\"img-responsive wp-image-1829\" srcset=\"https:\/\/www.karev.co\/wp-content\/uploads\/2022\/01\/shutterstock_588539177-200x133.jpg 200w, https:\/\/www.karev.co\/wp-content\/uploads\/2022\/01\/shutterstock_588539177-400x267.jpg 400w, https:\/\/www.karev.co\/wp-content\/uploads\/2022\/01\/shutterstock_588539177-600x400.jpg 600w, https:\/\/www.karev.co\/wp-content\/uploads\/2022\/01\/shutterstock_588539177-800x534.jpg 800w, https:\/\/www.karev.co\/wp-content\/uploads\/2022\/01\/shutterstock_588539177-1200x801.jpg 1200w\" sizes=\"(max-width: 800px) 100vw, 600px\" \/><\/span><\/div><\/div><div class=\"fusion-sep-clear\"><\/div><div class=\"fusion-separator fusion-full-width-sep\" style=\"margin-left: auto;margin-right: auto;margin-top:-15px;width:100%;\"><\/div><div class=\"fusion-sep-clear\"><\/div><div class=\"fusion-clearfix\"><\/div><\/div><\/div><\/div><\/div><div class=\"fusion-fullwidth fullwidth-box fusion-builder-row-4 minimal nonhundred-percent-fullwidth non-hundred-percent-height-scrolling\" style=\"--awb-border-sizes-top:0px;--awb-border-sizes-bottom:0px;--awb-border-sizes-left:0px;--awb-border-sizes-right:0px;--awb-border-radius-top-left:0px;--awb-border-radius-top-right:0px;--awb-border-radius-bottom-right:0px;--awb-border-radius-bottom-left:0px;--awb-padding-top:0px;--awb-padding-bottom:0px;--awb-background-color:#7aa1d6;--awb-flex-wrap:wrap;\" ><div class=\"fusion-builder-row fusion-row\"><div class=\"fusion-layout-column fusion_builder_column fusion-builder-column-10 fusion_builder_column_1_6 1_6 fusion-one-sixth fusion-column-first fusion-no-small-visibility\" style=\"--awb-bg-size:cover;width:13.3333%; margin-right: 4%;\"><div class=\"fusion-column-wrapper fusion-flex-column-wrapper-legacy\"><div class=\"fusion-clearfix\"><\/div><\/div><\/div><div class=\"fusion-layout-column fusion_builder_column fusion-builder-column-11 fusion_builder_column_2_3 2_3 fusion-two-third\" style=\"--awb-padding-top:30px;--awb-padding-bottom:30px;--awb-bg-size:cover;width:65.3333%; margin-right: 4%;\"><div class=\"fusion-column-wrapper fusion-column-has-shadow fusion-flex-column-wrapper-legacy\"><div class=\"fusion-title title fusion-title-6 fusion-sep-none fusion-title-center fusion-title-text fusion-title-size-two\" style=\"--awb-font-size:48px;\"><h2 class=\"fusion-title-heading title-heading-center fusion-responsive-typography-calculated\" style=\"font-family:&quot;GFS Didot&quot;;font-style:normal;font-weight:400;margin:0;font-size:1em;--fontSize:48;line-height:1.2;\"><span style=\"color: #ffffff;\">Kuidas saame aidata?<\/span><\/h2><\/div><div class=\"fusion-text fusion-text-5\" style=\"--awb-text-transform:none;\"><p style=\"text-align: center;\"><a href=\"https:\/\/www.karev.co\/et\/?page_id=2051\"><span style=\"color: #ffffff;\">\u00dchendust v\u00f5tma.<\/span><\/a><\/p>\n<\/div><div class=\"fusion-clearfix\"><\/div><\/div><\/div><div class=\"fusion-layout-column fusion_builder_column fusion-builder-column-12 fusion_builder_column_1_6 1_6 fusion-one-sixth fusion-column-last fusion-no-small-visibility\" style=\"--awb-bg-size:cover;width:13.3333%;\"><div class=\"fusion-column-wrapper fusion-flex-column-wrapper-legacy\"><div class=\"fusion-clearfix\"><\/div><\/div><\/div><\/div><\/div><\/p>\n","protected":false},"excerpt":{"rendered":"","protected":false},"author":3,"featured_media":0,"parent":0,"menu_order":0,"comment_status":"closed","ping_status":"closed","template":"100-width.php","meta":{"_monsterinsights_skip_tracking":false,"_monsterinsights_sitenote_active":false,"_monsterinsights_sitenote_note":"","_monsterinsights_sitenote_category":0,"footnotes":""},"class_list":["post-1971","page","type-page","status-publish","hentry"],"_links":{"self":[{"href":"https:\/\/www.karev.co\/et\/wp-json\/wp\/v2\/pages\/1971","targetHints":{"allow":["GET"]}}],"collection":[{"href":"https:\/\/www.karev.co\/et\/wp-json\/wp\/v2\/pages"}],"about":[{"href":"https:\/\/www.karev.co\/et\/wp-json\/wp\/v2\/types\/page"}],"author":[{"embeddable":true,"href":"https:\/\/www.karev.co\/et\/wp-json\/wp\/v2\/users\/3"}],"replies":[{"embeddable":true,"href":"https:\/\/www.karev.co\/et\/wp-json\/wp\/v2\/comments?post=1971"}],"version-history":[{"count":3,"href":"https:\/\/www.karev.co\/et\/wp-json\/wp\/v2\/pages\/1971\/revisions"}],"predecessor-version":[{"id":1982,"href":"https:\/\/www.karev.co\/et\/wp-json\/wp\/v2\/pages\/1971\/revisions\/1982"}],"wp:attachment":[{"href":"https:\/\/www.karev.co\/et\/wp-json\/wp\/v2\/media?parent=1971"}],"curies":[{"name":"wp","href":"https:\/\/api.w.org\/{rel}","templated":true}]}}