{"id":2032,"date":"2022-01-16T16:13:25","date_gmt":"2022-01-16T16:13:25","guid":{"rendered":"https:\/\/www.karev.co\/11-executive-training\/"},"modified":"2022-02-08T12:58:26","modified_gmt":"2022-02-08T12:58:26","slug":"11-executive-training","status":"publish","type":"page","link":"https:\/\/www.karev.co\/hr\/11-executive-training\/","title":{"rendered":"1:1 Executive Training"},"content":{"rendered":"<div class=\"fusion-fullwidth fullwidth-box fusion-builder-row-1 nonhundred-percent-fullwidth non-hundred-percent-height-scrolling\" style=\"--awb-border-radius-top-left:0px;--awb-border-radius-top-right:0px;--awb-border-radius-bottom-right:0px;--awb-border-radius-bottom-left:0px;--awb-flex-wrap:wrap;\" ><div class=\"fusion-builder-row fusion-row\"><div class=\"fusion-layout-column fusion_builder_column fusion-builder-column-0 fusion_builder_column_1_6 1_6 fusion-one-sixth fusion-column-first\" style=\"--awb-bg-size:cover;width:16.666666666667%;width:calc(16.666666666667% - ( ( 4% + 4% ) * 0.16666666666667 ) );margin-right: 4%;\"><div class=\"fusion-column-wrapper fusion-column-has-shadow fusion-flex-column-wrapper-legacy\"><div class=\"fusion-clearfix\"><\/div><\/div><\/div><div class=\"fusion-layout-column fusion_builder_column fusion-builder-column-1 fusion_builder_column_2_3 2_3 fusion-two-third\" style=\"--awb-bg-size:cover;width:66.666666666667%;width:calc(66.666666666667% - ( ( 4% + 4% ) * 0.66666666666667 ) );margin-right: 4%;\"><div class=\"fusion-column-wrapper fusion-column-has-shadow fusion-flex-column-wrapper-legacy\"><div class=\"fusion-text fusion-text-1\"><h2 class=\"fusion-responsive-typography-calculated\" style=\"text-align: center;\" data-fontsize=\"22\" data-lineheight=\"29.92px\">Pobjednici riskiraju i jednako se boje neuspjeha kao i svi drugi, samo \u0161to vjeruju u svoju sposobnost pronala\u017eenja u\u010dinkovitih i produktivnih rje\u0161enja kako se izazovi pojavljuju.<\/h2>\n<\/div><div class=\"fusion-sep-clear\"><\/div><div class=\"fusion-separator\" style=\"margin-left: auto;margin-right: auto;margin-top:45px;margin-bottom:45px;width:100%;max-width:50%;\"><div class=\"fusion-separator-border sep-single sep-solid\" style=\"--awb-height:20px;--awb-amount:20px;border-color:#dbe2ea;border-top-width:2px;\"><\/div><\/div><div class=\"fusion-sep-clear\"><\/div><div class=\"fusion-title title fusion-title-1 fusion-sep-none fusion-title-text fusion-title-size-one\" style=\"--awb-margin-top:25px;--awb-margin-bottom:45px;--awb-font-size:60px;\"><h1 class=\"fusion-title-heading title-heading-left fusion-responsive-typography-calculated\" style=\"font-family:&quot;GFS Didot&quot;;font-style:normal;font-weight:400;margin:0;font-size:1em;--fontSize:60;line-height:1.16;\"><p style=\"text-align: center;\">Rje\u0161avanje trenutnih izazova u vezi s poslom.<\/p><\/h1><\/div><div class=\"fusion-image-element in-legacy-container\" style=\"--awb-caption-title-font-family:var(--h2_typography-font-family);--awb-caption-title-font-weight:var(--h2_typography-font-weight);--awb-caption-title-font-style:var(--h2_typography-font-style);--awb-caption-title-size:var(--h2_typography-font-size);--awb-caption-title-transform:var(--h2_typography-text-transform);--awb-caption-title-line-height:var(--h2_typography-line-height);--awb-caption-title-letter-spacing:var(--h2_typography-letter-spacing);\"><span class=\" fusion-imageframe imageframe-none imageframe-1 hover-type-none\"><img decoding=\"async\" width=\"774\" height=\"424\" title=\"Company,Inspector,Taking,A,Tour,In,Industrial,Plant,And,Communicating\" src=\"https:\/\/www.karev.co\/wp-content\/uploads\/2022\/01\/Floor-e1643162644936.jpg\" alt class=\"img-responsive wp-image-1744\" srcset=\"https:\/\/www.karev.co\/wp-content\/uploads\/2022\/01\/Floor-e1643162644936-200x110.jpg 200w, https:\/\/www.karev.co\/wp-content\/uploads\/2022\/01\/Floor-e1643162644936-400x219.jpg 400w, https:\/\/www.karev.co\/wp-content\/uploads\/2022\/01\/Floor-e1643162644936-600x329.jpg 600w, https:\/\/www.karev.co\/wp-content\/uploads\/2022\/01\/Floor-e1643162644936.jpg 774w\" sizes=\"(max-width: 800px) 100vw, 774px\" \/><\/span><\/div><div class=\"fusion-sep-clear\"><\/div><div class=\"fusion-separator fusion-full-width-sep\" style=\"margin-left: auto;margin-right: auto;margin-bottom:45px;width:100%;\"><\/div><div class=\"fusion-sep-clear\"><\/div><div class=\"fusion-text fusion-text-2\"><h4 style=\"text-align: center;\"><strong>Svrha i opseg<\/strong><\/h4>\n<\/div><div class=\"fusion-text fusion-text-3\"><p>Biti izvr\u0161ni direktor na visokoj razini, sada ili u budu\u0107nosti, donosi mnoga pitanja, izazove, prilike, nagrade i mnoga druga zadovoljstva, neka u ve\u0107oj ili manjoj mjeri. Ono \u0161to poku\u0161avamo posti\u0107i je u tjednim 45-minutnim raspravama izme\u0111u izvr\u0161ne vlasti i mene. Ili izvr\u0161na vlast ili ja, donosimo radno pitanje (tj. izazov, priliku, situaciju) i ono \u0161to radimo je da poku\u0161avamo vidjeti sve kutove ili aspekte situacije kako bismo zajedno razvili optimalne alternative o tome kako izvr\u0161na vlast treba tretirati konkretnu situaciju.<\/p>\n<\/div><div class=\"fusion-text fusion-text-4\"><p>U sklopu bavljenja konkretnim problemom, nastojimo se pozabaviti ne samo samom situacijom, ve\u0107 i podru\u010djima profesionalnog i poslovnog razvoja koja bi trenutno ili u budu\u0107nosti mogla biti korisna za izvr\u0161nu vlast.<\/p>\n<\/div><div class=\"fusion-text fusion-text-5\"><h4 style=\"text-align: center;\"><strong>Povrat na resurse<\/strong><\/h4>\n<\/div><div class=\"fusion-text fusion-text-6\"><p>Budu\u0107i da sam tijekom svoje karijere upravljao s vi\u0161e od 10.000 zaposlenika u vi\u0161e velikih i malih organizacija, na globalnoj razini, dao mi je arsenal iskustava u rje\u0161avanju problema i putova koji su funkcionirali tijekom godina.<\/p>\n<\/div><div class=\"fusion-text fusion-text-7\"><p>Ono \u010demu je izvr\u0161na vlast izlo\u017eena je povjerljiva 1:1 rasprava u kojoj mogu u\u010diti i razvijati se iz ovog mentorstva 1:1. I ono \u0161to poku\u0161avam u\u010diniti je ne zamijeniti izvr\u0161nu sposobnost prosu\u0111ivanja ili dono\u0161enja odluka, ve\u0107 je radije pove\u0107ati uvo\u0111enjem razli\u010ditih uglova kako se nositi s konkretnim situacijama. Povratne informacije koje dobivam su op\u0107enito zadovoljavaju\u0107e, jer nisam uvijek u mogu\u0107nosti pomo\u0107i, iako se trudim dati sve od sebe u svakoj situaciji.<\/p>\n<\/div><div class=\"fusion-image-element in-legacy-container\" style=\"--awb-caption-title-font-family:var(--h2_typography-font-family);--awb-caption-title-font-weight:var(--h2_typography-font-weight);--awb-caption-title-font-style:var(--h2_typography-font-style);--awb-caption-title-size:var(--h2_typography-font-size);--awb-caption-title-transform:var(--h2_typography-text-transform);--awb-caption-title-line-height:var(--h2_typography-line-height);--awb-caption-title-letter-spacing:var(--h2_typography-letter-spacing);\"><span class=\" fusion-imageframe imageframe-none imageframe-2 hover-type-none\"><img decoding=\"async\" width=\"730\" height=\"374\" title=\"Sometimes climbers have to take risks&#8230;\" src=\"https:\/\/www.karev.co\/wp-content\/uploads\/2022\/01\/iStock-470692295-scaled-e1642870677831.jpg\" alt class=\"img-responsive wp-image-1576\" srcset=\"https:\/\/www.karev.co\/wp-content\/uploads\/2022\/01\/iStock-470692295-scaled-e1642870677831-200x102.jpg 200w, https:\/\/www.karev.co\/wp-content\/uploads\/2022\/01\/iStock-470692295-scaled-e1642870677831-400x205.jpg 400w, https:\/\/www.karev.co\/wp-content\/uploads\/2022\/01\/iStock-470692295-scaled-e1642870677831-600x307.jpg 600w, https:\/\/www.karev.co\/wp-content\/uploads\/2022\/01\/iStock-470692295-scaled-e1642870677831.jpg 730w\" sizes=\"(max-width: 800px) 100vw, 730px\" \/><\/span><\/div><div class=\"fusion-title title fusion-title-2 fusion-sep-none fusion-title-text fusion-title-size-one\" style=\"--awb-margin-top:45px;--awb-margin-bottom:45px;--awb-font-size:60px;\"><h1 class=\"fusion-title-heading title-heading-left fusion-responsive-typography-calculated\" style=\"font-family:&quot;GFS Didot&quot;;font-style:normal;font-weight:400;margin:0;font-size:1em;--fontSize:60;line-height:1.16;\"><p style=\"text-align: center;\">Rad na osobnom rastu i razvoju.<\/p><\/h1><\/div><div class=\"fusion-text fusion-text-8\"><h4 style=\"text-align: center;\"><strong>Svrha i opseg<\/strong><\/h4>\n<\/div><div class=\"fusion-text fusion-text-9\"><p>Kao po\u010detno pitanje, izvr\u0161ni direktor i ja zapo\u010dinjemo na\u0161u raspravu predstavljanjem 35 razli\u010ditih skupova vje\u0161tina i sposobnosti koje sam tijekom godina razvijao kao nu\u017ene za vo\u0111e kako bi izvr\u0161ili svoje pozicije najbolje od svojih sposobnosti. Nakon \u0161to zavr\u0161imo s u\u010denjem o svakom skupu vje\u0161tina, zajedno radimo na planu ocjenjivanja, u skladu s kojim poku\u0161avamo, koliko god mo\u017eemo, odrediti gdje se na ljestvici nalazi izvr\u0161ni direktor. \u010cine\u0107i to, dodjeljujemo vrijednost svakom skupu vje\u0161tina, procjenjujemo \u0161to bi moglo biti potrebno od izvr\u0161nog direktora i pregledavamo podru\u010dja mogu\u0107eg rasta i razvoja za izvr\u0161nu vlast. Nakon \u0161to zavr\u0161imo s u\u010denjem specifi\u010dnih vje\u0161tina, te o\u017eivimo i pove\u0107amo sposobnosti sa svakim podru\u010djem koje zahtijeva razvoj, kre\u0107emo na putovanje koje nas vodi kroz 15 scenarija, od kojih svaki predstavlja ili rje\u0161ava svaki od skupova vje\u0161tina o kojima smo prethodno raspravljali.<\/p>\n<\/div><div class=\"fusion-text fusion-text-10\"><h4 style=\"text-align: center;\"><strong>Povrat na resurse<\/strong><\/h4>\n<\/div><div class=\"fusion-text fusion-text-11\"><p>Dok zajedno prolazimo kroz svaki od ovih scenarija, izvr\u0161na vlast stje\u010de iz prve ruke dojam o tome kako se nositi s razli\u010ditim situacijama, prilikama i izazovima. Upravo ovo pomno pra\u0107eno iskustvo u\u010denja i suo\u010davanja ostavlja rukovodiocima pove\u0107anu sposobnost rje\u0161avanja razli\u010ditih situacija kada to trebaju u\u010diniti na vlastitu sat.<\/p>\n<\/div><div class=\"fusion-clearfix\"><\/div><\/div><\/div><div class=\"fusion-layout-column fusion_builder_column fusion-builder-column-2 fusion_builder_column_1_6 1_6 fusion-one-sixth fusion-column-last\" style=\"--awb-bg-size:cover;width:16.666666666667%;width:calc(16.666666666667% - ( ( 4% + 4% ) * 0.16666666666667 ) );\"><div class=\"fusion-column-wrapper fusion-column-has-shadow fusion-flex-column-wrapper-legacy\"><div class=\"fusion-clearfix\"><\/div><\/div><\/div><\/div><\/div>\n","protected":false},"excerpt":{"rendered":"","protected":false},"author":3,"featured_media":0,"parent":0,"menu_order":0,"comment_status":"closed","ping_status":"closed","template":"","meta":{"_monsterinsights_skip_tracking":false,"_monsterinsights_sitenote_active":false,"_monsterinsights_sitenote_note":"","_monsterinsights_sitenote_category":0,"footnotes":""},"class_list":["post-2032","page","type-page","status-publish","hentry"],"_links":{"self":[{"href":"https:\/\/www.karev.co\/hr\/wp-json\/wp\/v2\/pages\/2032","targetHints":{"allow":["GET"]}}],"collection":[{"href":"https:\/\/www.karev.co\/hr\/wp-json\/wp\/v2\/pages"}],"about":[{"href":"https:\/\/www.karev.co\/hr\/wp-json\/wp\/v2\/types\/page"}],"author":[{"embeddable":true,"href":"https:\/\/www.karev.co\/hr\/wp-json\/wp\/v2\/users\/3"}],"replies":[{"embeddable":true,"href":"https:\/\/www.karev.co\/hr\/wp-json\/wp\/v2\/comments?post=2032"}],"version-history":[{"count":3,"href":"https:\/\/www.karev.co\/hr\/wp-json\/wp\/v2\/pages\/2032\/revisions"}],"predecessor-version":[{"id":2038,"href":"https:\/\/www.karev.co\/hr\/wp-json\/wp\/v2\/pages\/2032\/revisions\/2038"}],"wp:attachment":[{"href":"https:\/\/www.karev.co\/hr\/wp-json\/wp\/v2\/media?parent=2032"}],"curies":[{"name":"wp","href":"https:\/\/api.w.org\/{rel}","templated":true}]}}