{"id":2281,"date":"2022-01-23T18:45:30","date_gmt":"2022-01-23T18:45:30","guid":{"rendered":"https:\/\/www.karev.co\/mentor\/"},"modified":"2022-02-08T13:06:04","modified_gmt":"2022-02-08T13:06:04","slug":"mentor","status":"publish","type":"page","link":"https:\/\/www.karev.co\/pt-pt\/mentor\/","title":{"rendered":"Mentor"},"content":{"rendered":"<div class=\"fusion-fullwidth fullwidth-box fusion-builder-row-1 nonhundred-percent-fullwidth non-hundred-percent-height-scrolling\" style=\"--awb-border-radius-top-left:0px;--awb-border-radius-top-right:0px;--awb-border-radius-bottom-right:0px;--awb-border-radius-bottom-left:0px;--awb-flex-wrap:wrap;\" ><div class=\"fusion-builder-row fusion-row\"><div class=\"fusion-layout-column fusion_builder_column fusion-builder-column-0 fusion_builder_column_1_6 1_6 fusion-one-sixth fusion-column-first\" style=\"--awb-bg-size:cover;width:16.666666666667%;width:calc(16.666666666667% - ( ( 4% + 4% ) * 0.16666666666667 ) );margin-right: 4%;\"><div class=\"fusion-column-wrapper fusion-column-has-shadow fusion-flex-column-wrapper-legacy\"><div class=\"fusion-clearfix\"><\/div><\/div><\/div><div class=\"fusion-layout-column fusion_builder_column fusion-builder-column-1 fusion_builder_column_2_3 2_3 fusion-two-third\" style=\"--awb-bg-size:cover;width:66.666666666667%;width:calc(66.666666666667% - ( ( 4% + 4% ) * 0.66666666666667 ) );margin-right: 4%;\"><div class=\"fusion-column-wrapper fusion-column-has-shadow fusion-flex-column-wrapper-legacy\"><div class=\"fusion-text fusion-text-1\"><h2 class=\"fusion-responsive-typography-calculated\" style=\"text-align: center;\" data-fontsize=\"22\" data-lineheight=\"29.92px\">Penso que, se adotarmos determinados princ\u00edpios, que eu constantemente lan\u00e7o em reuni\u00f5es e consultas com os meus clientes, a probabilidade de enfrentar com \u00eaxito maiores desafios aumenta exponencialmente.<\/h2>\n<\/div><div class=\"fusion-sep-clear\"><\/div><div class=\"fusion-separator\" style=\"margin-left: auto;margin-right: auto;margin-top:45px;margin-bottom:45px;width:100%;max-width:50%;\"><div class=\"fusion-separator-border sep-single sep-solid\" style=\"--awb-height:20px;--awb-amount:20px;border-color:#dbe2ea;border-top-width:2px;\"><\/div><\/div><div class=\"fusion-sep-clear\"><\/div><div class=\"fusion-title title fusion-title-1 fusion-sep-none fusion-title-text fusion-title-size-one\" style=\"--awb-margin-top:25px;--awb-margin-bottom:45px;--awb-font-size:60px;\"><h1 class=\"fusion-title-heading title-heading-left fusion-responsive-typography-calculated\" style=\"font-family:&quot;GFS Didot&quot;;font-style:normal;font-weight:400;margin:0;font-size:1em;--fontSize:60;line-height:1.16;\"><p style=\"text-align: center;\">Por que sou qualificado para mentor?<\/p><\/h1><\/div><div class=\"fusion-sep-clear\"><\/div><div class=\"fusion-separator fusion-full-width-sep\" style=\"margin-left: auto;margin-right: auto;margin-bottom:45px;width:100%;\"><\/div><div class=\"fusion-sep-clear\"><\/div><div class=\"fusion-image-element fusion-image-align-center in-legacy-container\" style=\"text-align:center;--awb-caption-title-font-family:var(--h2_typography-font-family);--awb-caption-title-font-weight:var(--h2_typography-font-weight);--awb-caption-title-font-style:var(--h2_typography-font-style);--awb-caption-title-size:var(--h2_typography-font-size);--awb-caption-title-transform:var(--h2_typography-text-transform);--awb-caption-title-line-height:var(--h2_typography-line-height);--awb-caption-title-letter-spacing:var(--h2_typography-letter-spacing);\"><div class=\"imageframe-align-center\"><span class=\" fusion-imageframe imageframe-none imageframe-1 hover-type-none\"><img decoding=\"async\" width=\"2560\" height=\"1343\" title=\"Blurred,Of,Office,-,Ideal,For,Presentation,Background.\" src=\"https:\/\/www.karev.co\/wp-content\/uploads\/2022\/01\/Ori-scaled.jpg\" alt class=\"img-responsive wp-image-1918\"\/><\/span><\/div><\/div><div class=\"fusion-sep-clear\"><\/div><div class=\"fusion-separator fusion-full-width-sep\" style=\"margin-left: auto;margin-right: auto;margin-bottom:45px;width:100%;\"><\/div><div class=\"fusion-sep-clear\"><\/div><div class=\"fusion-text fusion-text-2\" style=\"--awb-text-transform:none;\"><p>Embora tenha liderado e orientado v\u00e1rias organiza\u00e7\u00f5es, grandes e pequenas, preciso de abordar a quest\u00e3o do que torna as minhas experi\u00eancias, conhecimentos e personalidade adequados para a Corporate Business Mentoring (ou CBM).<\/p>\n<p>N\u00e3o \u00e9 por causa das habilidades naturais, com certeza. Como uma crian\u00e7a relativamente pequena com asma, ligeira dislexia, e uma capacidade de leitura terrivelmente lenta, tive alguns desafios pessoais para superar o crescimento. N\u00e3o podia participar em desportos de equipa, e era, na melhor das hip\u00f3teses, um aluno m\u00e9dio e com um desempenho baixo.<\/p>\n<p>No in\u00edcio, desenvolvi o meu pr\u00f3prio caminho que me prendeu, com melhorias e modifica\u00e7\u00f5es, para o resto da minha vida. Apercebi-me que teria de desenvolver o meu pr\u00f3prio caminho, seja qual for esse caminho.<\/p>\n<p>Quando tinha 20 anos (e enquanto servia na IDF como uma esp\u00e9cie de analista), lancei o meu trabalho e as minhas carreiras de estudo. Comecei a aprender espanhol e contabilidade, depois estudei Economia, Trabalho, Ci\u00eancia Pol\u00edtica, Gest\u00e3o, Finan\u00e7as, Marketing Internacional e Direito. Cada um destes estudos ajudou-me em v\u00e1rios passos da minha carreira. Tornei-me assistente de professores de Ci\u00eancia Pol\u00edtica, Gest\u00e3o e Direito.<\/p>\n<p>Tive a sorte de conhecer e trabalhar ao lado de muitas pessoas importantes e famosas:<\/p>\n<ul>\n<li>Conheci Shimon Peres como parte de uma iniciativa de paz.<\/li>\n<li>Trabalhou com a pessoa que formou a primeira empresa de compra da Leverage em Israel<\/li>\n<li>Gopher para o falecido Bob Simon, rep\u00f3rter 60 Minutos da CBS<\/li>\n<li>Trabalhou para v\u00e1rios l\u00edderes israelitas<\/li>\n<li>Assistente de ensino do Prof. P. Mali (Gest\u00e3o por Objetivos) e professor A. Jacobson (Direito dos Contratos)<\/li>\n<li>Internado com o Hon. Ex-juiz K. Conboy do Tribunal Distrital dos Estados Unidos do Distrito Sul de Nova Iorque<\/li>\n<li>Representou um criminoso condenado em recurso atrav\u00e9s da Cl\u00ednica Inocente (Faculdade de Direito de Cardozo)<\/li>\n<li>Reportado a Sir Simon Stevens (ex-CEO do NHS), e indiretamente a Stephen Helmsley, CEO da UnitedHealthcare, entre outros<\/li>\n<\/ul>\n<p>A pessoa que realmente afetou a minha compreens\u00e3o, foco e compaix\u00e3o pelas pessoas e situa\u00e7\u00f5es, foi o falecido Richard Leland Measelle (Dick), que foi o meu mentor durante alguns anos. Dick veio de origens humildes (o seu pai era funcion\u00e1rio da f\u00e1brica ford) para se tornar o CEO global da Accenture. Passar tempo com ele fez-me acarinhar e cristalizar o que uma pessoa humilde e bem sucedida com uma carreira incr\u00edvel pode ser (nada pr\u00f3ximo da minha educa\u00e7\u00e3o). Por \u00faltimo, mas n\u00e3o menos importante, o meu irm\u00e3o, Adi Karev, que foi extremamente bem sucedido por si pr\u00f3prio (Global Head of Oil and Gas for Deloitte Consulting e depois E&amp;Y), sempre esteve l\u00e1 para fornecer o que eu queria.<\/p>\n<\/div><div class=\"fusion-sep-clear\"><\/div><div class=\"fusion-separator fusion-full-width-sep\" style=\"margin-left: auto;margin-right: auto;margin-bottom:45px;width:100%;\"><\/div><div class=\"fusion-sep-clear\"><\/div><div class=\"fusion-clearfix\"><\/div><\/div><\/div><div class=\"fusion-layout-column fusion_builder_column fusion-builder-column-2 fusion_builder_column_1_6 1_6 fusion-one-sixth fusion-column-last\" style=\"--awb-bg-size:cover;width:16.666666666667%;width:calc(16.666666666667% - ( ( 4% + 4% ) * 0.16666666666667 ) );\"><div class=\"fusion-column-wrapper fusion-column-has-shadow fusion-flex-column-wrapper-legacy\"><div class=\"fusion-clearfix\"><\/div><\/div><\/div><\/div><\/div>\n","protected":false},"excerpt":{"rendered":"","protected":false},"author":3,"featured_media":0,"parent":0,"menu_order":0,"comment_status":"closed","ping_status":"closed","template":"","meta":{"_monsterinsights_skip_tracking":false,"_monsterinsights_sitenote_active":false,"_monsterinsights_sitenote_note":"","_monsterinsights_sitenote_category":0,"footnotes":""},"class_list":["post-2281","page","type-page","status-publish","hentry"],"_links":{"self":[{"href":"https:\/\/www.karev.co\/pt-pt\/wp-json\/wp\/v2\/pages\/2281","targetHints":{"allow":["GET"]}}],"collection":[{"href":"https:\/\/www.karev.co\/pt-pt\/wp-json\/wp\/v2\/pages"}],"about":[{"href":"https:\/\/www.karev.co\/pt-pt\/wp-json\/wp\/v2\/types\/page"}],"author":[{"embeddable":true,"href":"https:\/\/www.karev.co\/pt-pt\/wp-json\/wp\/v2\/users\/3"}],"replies":[{"embeddable":true,"href":"https:\/\/www.karev.co\/pt-pt\/wp-json\/wp\/v2\/comments?post=2281"}],"version-history":[{"count":3,"href":"https:\/\/www.karev.co\/pt-pt\/wp-json\/wp\/v2\/pages\/2281\/revisions"}],"predecessor-version":[{"id":2285,"href":"https:\/\/www.karev.co\/pt-pt\/wp-json\/wp\/v2\/pages\/2281\/revisions\/2285"}],"wp:attachment":[{"href":"https:\/\/www.karev.co\/pt-pt\/wp-json\/wp\/v2\/media?parent=2281"}],"curies":[{"name":"wp","href":"https:\/\/api.w.org\/{rel}","templated":true}]}}