{"id":2457,"date":"2022-01-27T15:59:49","date_gmt":"2022-01-27T15:59:49","guid":{"rendered":"https:\/\/www.karev.co\/referencias\/"},"modified":"2022-02-08T13:06:17","modified_gmt":"2022-02-08T13:06:17","slug":"referencias","status":"publish","type":"page","link":"https:\/\/www.karev.co\/pt-pt\/referencias\/","title":{"rendered":"Refer\u00eancias"},"content":{"rendered":"<p><div class=\"fusion-fullwidth fullwidth-box fusion-builder-row-1 nonhundred-percent-fullwidth non-hundred-percent-height-scrolling\" style=\"--awb-border-radius-top-left:0px;--awb-border-radius-top-right:0px;--awb-border-radius-bottom-right:0px;--awb-border-radius-bottom-left:0px;--awb-flex-wrap:wrap;\" ><div class=\"fusion-builder-row fusion-row\"><div class=\"fusion-layout-column fusion_builder_column fusion-builder-column-0 fusion_builder_column_1_6 1_6 fusion-one-sixth fusion-column-first\" style=\"--awb-bg-size:cover;width:16.666666666667%;width:calc(16.666666666667% - ( ( 4% + 4% ) * 0.16666666666667 ) );margin-right: 4%;\"><div class=\"fusion-column-wrapper fusion-column-has-shadow fusion-flex-column-wrapper-legacy\"><div class=\"fusion-clearfix\"><\/div><\/div><\/div><div class=\"fusion-layout-column fusion_builder_column fusion-builder-column-1 fusion_builder_column_2_3 2_3 fusion-two-third\" style=\"--awb-bg-size:cover;--awb-margin-bottom:0px;width:66.666666666667%;width:calc(66.666666666667% - ( ( 4% + 4% ) * 0.66666666666667 ) );margin-right: 4%;\"><div class=\"fusion-column-wrapper fusion-column-has-shadow fusion-flex-column-wrapper-legacy\"><div class=\"fusion-title title fusion-title-1 fusion-sep-none fusion-title-text fusion-title-size-one\" style=\"--awb-margin-top:0px;--awb-font-size:60px;\"><h1 class=\"fusion-title-heading title-heading-left fusion-responsive-typography-calculated\" style=\"font-family:&quot;GFS Didot&quot;;font-style:normal;font-weight:400;margin:0;font-size:1em;--fontSize:60;line-height:1.16;\"><h2 style=\"text-align: center;\">Como CEO de muitas organiza\u00e7\u00f5es, compreendo e clarifico os pontos de vista empresariais, profissionais e pessoais. Trago esta experi\u00eancia para a mesa, juntamente com a humildade e a cren\u00e7a na humanidade.<\/h2><\/h1><\/div><div class=\"fusion-sep-clear\"><\/div><div class=\"fusion-separator\" style=\"margin-left: auto;margin-right: auto;margin-top:45px;margin-bottom:45px;width:100%;max-width:50%;\"><div class=\"fusion-separator-border sep-single sep-solid\" style=\"--awb-height:20px;--awb-amount:20px;border-color:#dbe2ea;border-top-width:1px;\"><\/div><\/div><div class=\"fusion-sep-clear\"><\/div><div class=\"fusion-text fusion-text-1\" style=\"--awb-text-transform:none;\"><p>&#8220;A Ori tem sido uma parte fundamental do sucesso do SberMarket \u00e0 medida que a empresa cresceu de uma pequena startup com um volume de neg\u00f3cios de 3 milh\u00f5es de d\u00f3lares em 2017 para um l\u00edder absoluto de e-mercearia na R\u00fassia com um volume de neg\u00f3cios de 770 milh\u00f5es de d\u00f3lares em 2021. Como CEO e cofundador, enfrento constantemente novos desafios e tenho algumas pessoas com quem posso partilhar as minhas preocupa\u00e7\u00f5es, vulnerabilidades e receber conselhos oportunos emp\u00e1ticos e pr\u00e1ticos. Agrade\u00e7o a ajuda e apoio do Ori e espero trabalhar por muitos anos pela frente.&#8221;<\/p>\n<p style=\"text-align: right;\"><strong><em>AK, Cofundador e CEO, SberMarket, R\u00fassia<\/em><\/strong><\/p>\n<p>&#8220;O que Ori traz para a mesa \u00e9 intui\u00e7\u00e3o intr\u00ednseca e uma valiosa capacidade de ler nas entrelinhas. \u00c9 um grande ouvinte que adapta a sua orienta\u00e7\u00e3o e conselhos \u00e0 situa\u00e7\u00e3o em quest\u00e3o, sem nunca esquecer que os seus principais objetivos s\u00e3o ajudar e fazer avan\u00e7ar as causas das suas mentes. Acho que os seus conselhos sobre assuntos estrat\u00e9gicos, comerciais, corporativos e de comportamento humano s\u00e3o \u00fateis e implant\u00e1veis ao mais alto n\u00edvel.&#8221;<\/p>\n<p style=\"text-align: right;\"><strong><em>PF, C0-Founder e Co-CEO, Soveren, Su\u00ed\u00e7a  <\/em><\/strong><\/p>\n<p><strong><em> <\/em><\/strong>&#8220;Sempre que traduzo os workshops ou reuni\u00f5es do Ori, admiro o trabalho de uma pessoa que entende como as coisas funcionam e tem os conhecimentos e ferramentas para ajudar os outros a pegar nas coisas que partilha e torn\u00e1-las pr\u00f3prias para beneficiar em ambos os seus dias pessoais e empresariais.&#8221;<\/p>\n<p style=\"text-align: right;\"><strong><em>KB, Tradutor, Moscovo\/Londres<\/em><\/strong><\/p>\n<p>&#8220;&#8216;Acredite em si mesmo. Eu sei a tua habilidade, sei o que podes fazer e posso ver onde vais estar, Paul. Vou gui\u00e1-lo chegar l\u00e1! N\u00e3o \u00e9 frequente dizer ou estar disposto a admitir que algu\u00e9m ajudou a sua carreira a atingir m\u00e1ximos que n\u00e3o conhecia ou acreditava que podia alcan\u00e7ar. Que algu\u00e9m para mim era o Ori. Como meu superior e como amigo, o Ori viu o meu potencial e simplesmente guiou-me para superar os desafios e ajudou-me a chegar onde podia estar. Hoje, tenho o prazer de dizer que estou onde o Ori sabia, h\u00e1 muitos anos, que eu poderia estar! Obrigado Senhor!<\/p>\n<p style=\"text-align: right;\"><strong><em>PC, Ex-CEO, UnitedHealthcare Mal\u00e1sia<\/em><\/strong><\/p>\n<p>&#8220;Fiquei feliz por ter o Ori Karev como mentor durante o per\u00edodo em que a empresa em que trabalhei teve um crescimento tremendo, e tornei-me um gestor de topo que liderou uma equipa de mais de 50 pessoas. Ori tornou-se o meu conselheiro de confian\u00e7a e ajudou-me a dominar as compet\u00eancias de gest\u00e3o em diferentes \u00e1reas, desde a gest\u00e3o de pessoas, at\u00e9 ao desenvolvimento da estrat\u00e9gia da divis\u00e3o. Ori tem uma enorme experi\u00eancia em lideran\u00e7a e gest\u00e3o e d\u00e1 conselhos pr\u00e1ticos que podem ser aplicados na vida real. Ele olha profundamente para o problema e mostra-lhe o caso de diferentes lados, ajudando-o a encontrar solu\u00e7\u00f5es por conta pr\u00f3pria e ensinando-o a pensar v\u00e1rios passos \u00e0 frente.<br \/>\nCom o Ori, aumentei o meu conhecimento de gest\u00e3o e acelerei significativamente o meu crescimento profissional.&#8221;<\/p>\n<p style=\"text-align: right;\"><em><strong>MM, Head of Product, SberMarket, R\u00fassia<\/strong><\/em><\/p>\n<p>&#8220;Trabalhar com o Ori \u00e9 um grande prazer. Ori d\u00e1 conselhos simples, profundos e exequ\u00edveis para uma grande variedade de perguntas desafiadoras. \u00c9 realmente uma superpot\u00eancia apenas pedir e obter conselhos cheios de sabedoria, contexto relevante, e desejo sincero de ajudar.&#8221;<\/p>\n<p style=\"text-align: right;\"><em><strong>IM, Finan\u00e7as, SberMarket, R\u00fassia<\/strong><\/em><\/p>\n<\/div><div class=\"fusion-clearfix\"><\/div><\/div><\/div><div class=\"fusion-layout-column fusion_builder_column fusion-builder-column-2 fusion_builder_column_1_6 1_6 fusion-one-sixth fusion-column-last\" style=\"--awb-bg-size:cover;width:16.666666666667%;width:calc(16.666666666667% - ( ( 4% + 4% ) * 0.16666666666667 ) );\"><div class=\"fusion-column-wrapper fusion-column-has-shadow fusion-flex-column-wrapper-legacy\"><div class=\"fusion-sep-clear\"><\/div><div class=\"fusion-separator fusion-full-width-sep\" style=\"margin-left: auto;margin-right: auto;width:100%;\"><div class=\"fusion-separator-border sep-double\" style=\"--awb-height:20px;--awb-amount:20px;border-color:#dbe2ea;border-top-width:0px;border-bottom-width:0px;\"><\/div><\/div><div class=\"fusion-sep-clear\"><\/div><div class=\"fusion-clearfix\"><\/div><\/div><\/div><div class=\"fusion-layout-column fusion_builder_column fusion-builder-column-3 fusion_builder_column_1_6 1_6 fusion-one-sixth fusion-column-first\" style=\"--awb-bg-size:cover;--awb-margin-top:0px;width:16.666666666667%;width:calc(16.666666666667% - ( ( 4% + 4% ) * 0.16666666666667 ) );margin-right: 4%;\"><div class=\"fusion-column-wrapper fusion-column-has-shadow fusion-flex-column-wrapper-legacy\"><div class=\"fusion-sep-clear\"><\/div><div class=\"fusion-separator fusion-full-width-sep\" style=\"margin-left: auto;margin-right: auto;width:100%;\"><div class=\"fusion-separator-border sep-double\" style=\"--awb-height:20px;--awb-amount:20px;border-color:#dbe2ea;border-top-width:0px;border-bottom-width:0px;\"><\/div><\/div><div class=\"fusion-sep-clear\"><\/div><div class=\"fusion-clearfix\"><\/div><\/div><\/div><div class=\"fusion-layout-column fusion_builder_column fusion-builder-column-4 fusion_builder_column_2_3 2_3 fusion-two-third\" style=\"--awb-bg-size:cover;--awb-margin-top:0px;width:66.666666666667%;width:calc(66.666666666667% - ( ( 4% + 4% ) * 0.66666666666667 ) );margin-right: 4%;\"><div class=\"fusion-column-wrapper fusion-column-has-shadow fusion-flex-column-wrapper-legacy\"><div class=\"fusion-clearfix\"><\/div><\/div><\/div><div class=\"fusion-layout-column fusion_builder_column fusion-builder-column-5 fusion_builder_column_1_6 1_6 fusion-one-sixth fusion-column-last\" style=\"--awb-bg-size:cover;--awb-margin-top:0px;width:16.666666666667%;width:calc(16.666666666667% - ( ( 4% + 4% ) * 0.16666666666667 ) );\"><div class=\"fusion-column-wrapper fusion-column-has-shadow fusion-flex-column-wrapper-legacy\"><div class=\"fusion-sep-clear\"><\/div><div class=\"fusion-separator fusion-full-width-sep\" style=\"margin-left: auto;margin-right: auto;width:100%;\"><div class=\"fusion-separator-border sep-double\" style=\"--awb-height:20px;--awb-amount:20px;border-color:#dbe2ea;border-top-width:0px;border-bottom-width:0px;\"><\/div><\/div><div class=\"fusion-sep-clear\"><\/div><div class=\"fusion-clearfix\"><\/div><\/div><\/div><\/div><\/div><div class=\"fusion-fullwidth fullwidth-box fusion-builder-row-2 nonhundred-percent-fullwidth non-hundred-percent-height-scrolling\" style=\"--awb-border-radius-top-left:0px;--awb-border-radius-top-right:0px;--awb-border-radius-bottom-right:0px;--awb-border-radius-bottom-left:0px;--awb-flex-wrap:wrap;\" ><div class=\"fusion-builder-row fusion-row\"><div class=\"fusion-layout-column fusion_builder_column fusion-builder-column-6 fusion_builder_column_1_5 1_5 fusion-one-fifth fusion-column-first\" style=\"--awb-bg-size:cover;width:20%;width:calc(20% - ( ( 4% + 4% ) * 0.2 ) );margin-right: 4%;\"><div class=\"fusion-column-wrapper fusion-column-has-shadow fusion-flex-column-wrapper-legacy\"><div class=\"fusion-clearfix\"><\/div><\/div><\/div><div class=\"fusion-layout-column fusion_builder_column fusion-builder-column-7 fusion_builder_column_3_5 3_5 fusion-three-fifth\" style=\"--awb-bg-size:cover;width:60%;width:calc(60% - ( ( 4% + 4% ) * 0.6 ) );margin-right: 4%;\"><div class=\"fusion-column-wrapper fusion-column-has-shadow fusion-flex-column-wrapper-legacy\"><div class=\"fusion-clearfix\"><\/div><\/div><\/div><div class=\"fusion-layout-column fusion_builder_column fusion-builder-column-8 fusion_builder_column_1_5 1_5 fusion-one-fifth fusion-column-last\" style=\"--awb-bg-size:cover;width:20%;width:calc(20% - ( ( 4% + 4% ) * 0.2 ) );\"><div class=\"fusion-column-wrapper fusion-column-has-shadow fusion-flex-column-wrapper-legacy\"><div class=\"fusion-clearfix\"><\/div><\/div><\/div><\/div><\/div><\/p>\n","protected":false},"excerpt":{"rendered":"","protected":false},"author":3,"featured_media":0,"parent":0,"menu_order":0,"comment_status":"closed","ping_status":"closed","template":"","meta":{"_monsterinsights_skip_tracking":false,"_monsterinsights_sitenote_active":false,"_monsterinsights_sitenote_note":"","_monsterinsights_sitenote_category":0,"footnotes":""},"class_list":["post-2457","page","type-page","status-publish","hentry"],"_links":{"self":[{"href":"https:\/\/www.karev.co\/pt-pt\/wp-json\/wp\/v2\/pages\/2457","targetHints":{"allow":["GET"]}}],"collection":[{"href":"https:\/\/www.karev.co\/pt-pt\/wp-json\/wp\/v2\/pages"}],"about":[{"href":"https:\/\/www.karev.co\/pt-pt\/wp-json\/wp\/v2\/types\/page"}],"author":[{"embeddable":true,"href":"https:\/\/www.karev.co\/pt-pt\/wp-json\/wp\/v2\/users\/3"}],"replies":[{"embeddable":true,"href":"https:\/\/www.karev.co\/pt-pt\/wp-json\/wp\/v2\/comments?post=2457"}],"version-history":[{"count":3,"href":"https:\/\/www.karev.co\/pt-pt\/wp-json\/wp\/v2\/pages\/2457\/revisions"}],"predecessor-version":[{"id":2460,"href":"https:\/\/www.karev.co\/pt-pt\/wp-json\/wp\/v2\/pages\/2457\/revisions\/2460"}],"wp:attachment":[{"href":"https:\/\/www.karev.co\/pt-pt\/wp-json\/wp\/v2\/media?parent=2457"}],"curies":[{"name":"wp","href":"https:\/\/api.w.org\/{rel}","templated":true}]}}